{"id":1339,"date":"2026-03-27T13:39:47","date_gmt":"2026-03-27T13:39:47","guid":{"rendered":"https:\/\/leonie-paccard.com\/?page_id=1339"},"modified":"2026-03-27T13:41:59","modified_gmt":"2026-03-27T13:41:59","slug":"grange-en-pise-2","status":"publish","type":"page","link":"https:\/\/leonie-paccard.com\/en\/grange-en-pise-2\/","title":{"rendered":"PFE &#8211; Centre d&rsquo;h\u00e9bergement et de r\u00e9insertion sociale"},"content":{"rendered":"<div data-elementor-type=\"wp-page\" data-elementor-id=\"1339\" class=\"elementor elementor-1339\">\n\t\t\t\t<div class=\"elementor-element elementor-element-0bd552f e-con-full e-flex e-con e-parent\" data-id=\"0bd552f\" data-element_type=\"container\" data-e-type=\"container\" data-settings=\"{&quot;background_background&quot;:&quot;classic&quot;}\">\n\t\t\t\t<div class=\"elementor-element elementor-element-7c9e770 elementor-widget elementor-widget-heading\" data-id=\"7c9e770\" data-element_type=\"widget\" data-e-type=\"widget\" data-widget_type=\"heading.default\">\n\t\t\t\t<div class=\"elementor-widget-container\">\n\t\t\t\t\t<h1 class=\"elementor-heading-title elementor-size-default\">PFE - Centre d'h\u00e9bergement et de r\u00e9insertion sociale<\/h1>\t\t\t\t<\/div>\n\t\t\t\t<\/div>\n\t\t\t\t<\/div>\n\t\t<div class=\"elementor-element elementor-element-2377ccf e-flex e-con-boxed e-con e-parent\" data-id=\"2377ccf\" data-element_type=\"container\" data-e-type=\"container\">\n\t\t\t\t\t<div class=\"e-con-inner\">\n\t\t<div class=\"elementor-element elementor-element-d04dd42 e-con-full e-flex e-con e-child\" data-id=\"d04dd42\" data-element_type=\"container\" data-e-type=\"container\">\n\t\t\t\t<div class=\"elementor-element elementor-element-d7edb6e elementor-widget elementor-widget-image\" data-id=\"d7edb6e\" data-element_type=\"widget\" data-e-type=\"widget\" data-widget_type=\"image.default\">\n\t\t\t\t<div class=\"elementor-widget-container\">\n\t\t\t\t\t\t\t\t\t\t\t\t\t\t\t<img fetchpriority=\"high\" decoding=\"async\" width=\"1536\" height=\"2048\" src=\"https:\/\/leonie-paccard.com\/wp-content\/uploads\/2026\/03\/IMG_1795.jpeg\" class=\"attachment-full size-full wp-image-1130\" alt=\"\" srcset=\"https:\/\/leonie-paccard.com\/wp-content\/uploads\/2026\/03\/IMG_1795.jpeg 1536w, https:\/\/leonie-paccard.com\/wp-content\/uploads\/2026\/03\/IMG_1795-225x300.jpeg 225w, https:\/\/leonie-paccard.com\/wp-content\/uploads\/2026\/03\/IMG_1795-768x1024.jpeg 768w, https:\/\/leonie-paccard.com\/wp-content\/uploads\/2026\/03\/IMG_1795-1152x1536.jpeg 1152w, https:\/\/leonie-paccard.com\/wp-content\/uploads\/2026\/03\/IMG_1795-9x12.jpeg 9w\" sizes=\"(max-width: 1536px) 100vw, 1536px\" \/>\t\t\t\t\t\t\t\t\t\t\t\t\t\t\t<\/div>\n\t\t\t\t<\/div>\n\t\t\t\t<\/div>\n\t\t<div class=\"elementor-element elementor-element-3269d13 e-con-full text-project e-flex e-con e-child\" data-id=\"3269d13\" data-element_type=\"container\" data-e-type=\"container\">\n\t\t\t\t<div class=\"elementor-element elementor-element-7418ecf elementor-widget elementor-widget-text-editor\" data-id=\"7418ecf\" data-element_type=\"widget\" data-e-type=\"widget\" data-widget_type=\"text-editor.default\">\n\t\t\t\t<div class=\"elementor-widget-container\">\n\t\t\t\t\t\t\t\t\t<p>Ce chantier est celui de la transformation patiente d\u2019une ancienne ferme en pis\u00e9, nich\u00e9e au c\u0153ur d\u2019un paysage rural. Chaque intervention a \u00e9t\u00e9 pens\u00e9e avec soin pour pr\u00e9server l\u2019\u00e2me du lieu, tout en r\u00e9pondant aux usages d\u2019aujourd\u2019hui. Les murs de terre crue, conserv\u00e9s et renforc\u00e9s, t\u00e9moignent d\u2019un savoir-faire ancien, que nous avons cherch\u00e9 \u00e0 prolonger plut\u00f4t qu\u2019\u00e0 effacer. Les ouvertures ont \u00e9t\u00e9 retravaill\u00e9es avec des jambages en pierre massive ou en brique, dans le respect des techniques traditionnelles locales.<\/p><p>Cette r\u00e9novation a \u00e9t\u00e9 l\u2019occasion d\u2019exp\u00e9rimenter une approche sensible du b\u00e2ti : ajuster plut\u00f4t que remplacer, \u00e9couter le lieu avant d\u2019intervenir. La charpente a \u00e9t\u00e9 restaur\u00e9e, les volumes int\u00e9rieurs repens\u00e9s pour offrir de la lumi\u00e8re et de la simplicit\u00e9, tout en conservant la force brute des mat\u00e9riaux.<\/p><p>Ce projet ne cherche pas \u00e0 imposer un geste, mais \u00e0 prolonger une histoire, avec humilit\u00e9. Il s\u2019inscrit dans une volont\u00e9 d\u2019apprendre en faisant, de se confronter aux r\u00e9alit\u00e9s du chantier et de transmettre une attention particuli\u00e8re aux mati\u00e8res, aux assemblages, aux rythmes du b\u00e2ti ancien. Une mani\u00e8re de pratiquer l\u2019architecture ancr\u00e9e dans la r\u00e9alit\u00e9 du terrain, dans le dialogue entre h\u00e9ritage et usage contemporain.<\/p>\t\t\t\t\t\t\t\t<\/div>\n\t\t\t\t<\/div>\n\t\t\t\t<\/div>\n\t\t\t\t\t<\/div>\n\t\t\t\t<\/div>\n\t\t<div class=\"elementor-element elementor-element-6724533 e-flex e-con-boxed e-con e-parent\" data-id=\"6724533\" data-element_type=\"container\" data-e-type=\"container\">\n\t\t\t\t\t<div class=\"e-con-inner\">\n\t\t<div class=\"elementor-element elementor-element-ab1534a e-con-full e-flex e-con e-child\" data-id=\"ab1534a\" data-element_type=\"container\" data-e-type=\"container\">\n\t\t\t\t<div class=\"elementor-element elementor-element-d1723fc elementor-widget__width-initial elementor-widget elementor-widget-image\" data-id=\"d1723fc\" data-element_type=\"widget\" data-e-type=\"widget\" data-widget_type=\"image.default\">\n\t\t\t\t<div class=\"elementor-widget-container\">\n\t\t\t\t\t\t\t\t\t\t\t\t\t\t\t<img decoding=\"async\" width=\"930\" height=\"620\" src=\"https:\/\/leonie-paccard.com\/wp-content\/uploads\/2026\/03\/ChatGPT-Image-19-fevr.-2026-14_51_59-930x620.png\" class=\"attachment-neve-blog size-neve-blog wp-image-1103\" alt=\"\" \/>\t\t\t\t\t\t\t\t\t\t\t\t\t\t\t<\/div>\n\t\t\t\t<\/div>\n\t\t\t\t<div class=\"elementor-element elementor-element-bb5f20d elementor-widget__width-initial elementor-widget elementor-widget-image\" data-id=\"bb5f20d\" data-element_type=\"widget\" data-e-type=\"widget\" data-widget_type=\"image.default\">\n\t\t\t\t<div class=\"elementor-widget-container\">\n\t\t\t\t\t\t\t\t\t\t\t\t\t\t\t<img decoding=\"async\" width=\"930\" height=\"620\" src=\"https:\/\/leonie-paccard.com\/wp-content\/uploads\/2026\/03\/ChatGPT-Image-19-fevr.-2026-14_51_59-930x620.png\" class=\"attachment-neve-blog size-neve-blog wp-image-1103\" alt=\"\" \/>\t\t\t\t\t\t\t\t\t\t\t\t\t\t\t<\/div>\n\t\t\t\t<\/div>\n\t\t\t\t<\/div>\n\t\t<div class=\"elementor-element elementor-element-317c1ff e-con-full e-flex e-con e-child\" data-id=\"317c1ff\" data-element_type=\"container\" data-e-type=\"container\">\n\t\t\t\t<\/div>\n\t\t\t\t\t<\/div>\n\t\t\t\t<\/div>\n\t\t<div class=\"elementor-element elementor-element-0f6dfa9 e-flex e-con-boxed e-con e-parent\" data-id=\"0f6dfa9\" data-element_type=\"container\" data-e-type=\"container\">\n\t\t\t\t\t<div class=\"e-con-inner\">\n\t\t\t\t<div class=\"elementor-element elementor-element-b923a4b elementor-widget elementor-widget-button\" data-id=\"b923a4b\" data-element_type=\"widget\" data-e-type=\"widget\" data-widget_type=\"button.default\">\n\t\t\t\t<div class=\"elementor-widget-container\">\n\t\t\t\t\t\t\t\t\t<div class=\"elementor-button-wrapper\">\n\t\t\t\t\t<a class=\"elementor-button elementor-button-link elementor-size-sm\" href=\"#\">\n\t\t\t\t\t\t<span class=\"elementor-button-content-wrapper\">\n\t\t\t\t\t\t\t\t\t<span class=\"elementor-button-text\">Cliquez ici<\/span>\n\t\t\t\t\t<\/span>\n\t\t\t\t\t<\/a>\n\t\t\t\t<\/div>\n\t\t\t\t\t\t\t\t<\/div>\n\t\t\t\t<\/div>\n\t\t\t\t\t<\/div>\n\t\t\t\t<\/div>\n\t\t\t\t<\/div>","protected":false},"excerpt":{"rendered":"<p>PFE &#8211; Centre d&rsquo;h\u00e9bergement et de r\u00e9insertion sociale Ce chantier est celui de la transformation patiente d\u2019une ancienne ferme en pis\u00e9, nich\u00e9e au c\u0153ur d\u2019un paysage rural. Chaque intervention a \u00e9t\u00e9 pens\u00e9e avec soin pour pr\u00e9server l\u2019\u00e2me du lieu, tout en r\u00e9pondant aux usages d\u2019aujourd\u2019hui. Les murs de terre crue, conserv\u00e9s et renforc\u00e9s, t\u00e9moignent d\u2019un&hellip;&nbsp;<a href=\"https:\/\/leonie-paccard.com\/en\/grange-en-pise-2\/\" rel=\"bookmark\">Read More &raquo;<span class=\"screen-reader-text\">PFE &#8211; Centre d&rsquo;h\u00e9bergement et de r\u00e9insertion sociale<\/span><\/a><\/p>","protected":false},"author":3,"featured_media":0,"parent":0,"menu_order":0,"comment_status":"closed","ping_status":"closed","template":"page-templates\/template-pagebuilder-full-width.php","meta":{"neve_meta_sidebar":"","neve_meta_container":"","neve_meta_enable_content_width":"","neve_meta_content_width":0,"neve_meta_title_alignment":"","neve_meta_author_avatar":"","neve_post_elements_order":"","neve_meta_disable_header":"","neve_meta_disable_footer":"","neve_meta_disable_title":"","footnotes":""},"class_list":["post-1339","page","type-page","status-publish","hentry"],"_links":{"self":[{"href":"https:\/\/leonie-paccard.com\/en\/wp-json\/wp\/v2\/pages\/1339","targetHints":{"allow":["GET"]}}],"collection":[{"href":"https:\/\/leonie-paccard.com\/en\/wp-json\/wp\/v2\/pages"}],"about":[{"href":"https:\/\/leonie-paccard.com\/en\/wp-json\/wp\/v2\/types\/page"}],"author":[{"embeddable":true,"href":"https:\/\/leonie-paccard.com\/en\/wp-json\/wp\/v2\/users\/3"}],"replies":[{"embeddable":true,"href":"https:\/\/leonie-paccard.com\/en\/wp-json\/wp\/v2\/comments?post=1339"}],"version-history":[{"count":6,"href":"https:\/\/leonie-paccard.com\/en\/wp-json\/wp\/v2\/pages\/1339\/revisions"}],"predecessor-version":[{"id":1345,"href":"https:\/\/leonie-paccard.com\/en\/wp-json\/wp\/v2\/pages\/1339\/revisions\/1345"}],"wp:attachment":[{"href":"https:\/\/leonie-paccard.com\/en\/wp-json\/wp\/v2\/media?parent=1339"}],"curies":[{"name":"wp","href":"https:\/\/api.w.org\/{rel}","templated":true}]}}