{"id":1411,"date":"2026-03-30T09:56:53","date_gmt":"2026-03-30T09:56:53","guid":{"rendered":"https:\/\/leonie-paccard.com\/?page_id=1411"},"modified":"2026-03-31T09:46:25","modified_gmt":"2026-03-31T09:46:25","slug":"briques-en-terre-crue","status":"publish","type":"page","link":"https:\/\/leonie-paccard.com\/en\/briques-en-terre-crue\/","title":{"rendered":"Briques en terre crue"},"content":{"rendered":"<div data-elementor-type=\"wp-page\" data-elementor-id=\"1411\" class=\"elementor elementor-1411\">\n\t\t\t\t<div class=\"elementor-element elementor-element-0bd552f e-con-full e-flex e-con e-parent\" data-id=\"0bd552f\" data-element_type=\"container\" data-e-type=\"container\" data-settings=\"{&quot;background_background&quot;:&quot;classic&quot;}\">\n\t\t\t\t<div class=\"elementor-element elementor-element-7c9e770 elementor-widget elementor-widget-heading\" data-id=\"7c9e770\" data-element_type=\"widget\" data-e-type=\"widget\" data-widget_type=\"heading.default\">\n\t\t\t\t<div class=\"elementor-widget-container\">\n\t\t\t\t\t<h1 class=\"elementor-heading-title elementor-size-default\">Briques en terre crue<\/h1>\t\t\t\t<\/div>\n\t\t\t\t<\/div>\n\t\t\t\t<\/div>\n\t\t<div class=\"elementor-element elementor-element-2377ccf e-flex e-con-boxed e-con e-parent\" data-id=\"2377ccf\" data-element_type=\"container\" data-e-type=\"container\">\n\t\t\t\t\t<div class=\"e-con-inner\">\n\t\t<div class=\"elementor-element elementor-element-d04dd42 e-con-full e-flex e-con e-child\" data-id=\"d04dd42\" data-element_type=\"container\" data-e-type=\"container\">\n\t\t\t\t<div class=\"elementor-element elementor-element-d7edb6e elementor-widget elementor-widget-image\" data-id=\"d7edb6e\" data-element_type=\"widget\" data-e-type=\"widget\" data-widget_type=\"image.default\">\n\t\t\t\t<div class=\"elementor-widget-container\">\n\t\t\t\t\t\t\t\t\t\t\t\t\t\t\t<img fetchpriority=\"high\" decoding=\"async\" width=\"768\" height=\"512\" src=\"https:\/\/leonie-paccard.com\/wp-content\/uploads\/2026\/03\/DSC_0961-768x512.jpg\" class=\"attachment-medium_large size-medium_large wp-image-1418\" alt=\"\" srcset=\"https:\/\/leonie-paccard.com\/wp-content\/uploads\/2026\/03\/DSC_0961-768x512.jpg 768w, https:\/\/leonie-paccard.com\/wp-content\/uploads\/2026\/03\/DSC_0961-300x200.jpg 300w, https:\/\/leonie-paccard.com\/wp-content\/uploads\/2026\/03\/DSC_0961-1024x683.jpg 1024w, https:\/\/leonie-paccard.com\/wp-content\/uploads\/2026\/03\/DSC_0961-1536x1024.jpg 1536w, https:\/\/leonie-paccard.com\/wp-content\/uploads\/2026\/03\/DSC_0961-2048x1365.jpg 2048w, https:\/\/leonie-paccard.com\/wp-content\/uploads\/2026\/03\/DSC_0961-18x12.jpg 18w, https:\/\/leonie-paccard.com\/wp-content\/uploads\/2026\/03\/DSC_0961-930x620.jpg 930w\" sizes=\"(max-width: 768px) 100vw, 768px\" \/>\t\t\t\t\t\t\t\t\t\t\t\t\t\t\t<\/div>\n\t\t\t\t<\/div>\n\t\t\t\t<\/div>\n\t\t<div class=\"elementor-element elementor-element-3269d13 e-con-full text-project e-flex e-con e-child\" data-id=\"3269d13\" data-element_type=\"container\" data-e-type=\"container\">\n\t\t\t\t<div class=\"elementor-element elementor-element-5c6147b elementor-widget elementor-widget-heading\" data-id=\"5c6147b\" data-element_type=\"widget\" data-e-type=\"widget\" data-widget_type=\"heading.default\">\n\t\t\t\t<div class=\"elementor-widget-container\">\n\t\t\t\t\t<h4 class=\"elementor-heading-title elementor-size-default\">Initiation \u00e0 la terre crue - Coll\u00e8ge Chevreul Lestonnac (Lyon)<\/h4>\t\t\t\t<\/div>\n\t\t\t\t<\/div>\n\t\t\t\t<div class=\"elementor-element elementor-element-7418ecf elementor-widget elementor-widget-text-editor\" data-id=\"7418ecf\" data-element_type=\"widget\" data-e-type=\"widget\" data-widget_type=\"text-editor.default\">\n\t\t\t\t<div class=\"elementor-widget-container\">\n\t\t\t\t\t\t\t\t\t<p>Promouvoir des techniques historiques, \u00e9cologiques et \u00e9conomique.\u00a0<\/p><p>Une premi\u00e8re approche du mat\u00e9riau \u00ab\u00a0terre\u00a0\u00bb via la r\u00e9alisation de petits modules de briques en terre comprim\u00e9e avec des coll\u00e9giens<\/p><p>1 \/ Tamiser<\/p><p>2 \/ Tester<\/p><p>3 \/ Tasser<\/p><p>4 \/ D\u00e9mouler<\/p><p>Faire un clin d&rsquo;oeil au patrimoine Lyonnais et ses constructions en terre crues cach\u00e9es derri\u00e8re des enduits (Vieux Lyon, Croix Rousse)<\/p>\t\t\t\t\t\t\t\t<\/div>\n\t\t\t\t<\/div>\n\t\t\t\t<\/div>\n\t\t\t\t\t<\/div>\n\t\t\t\t<\/div>\n\t\t<div class=\"elementor-element elementor-element-752fe35 e-grid e-con-boxed e-con e-parent\" data-id=\"752fe35\" data-element_type=\"container\" data-e-type=\"container\">\n\t\t\t\t\t<div class=\"e-con-inner\">\n\t\t\t\t<div class=\"elementor-element elementor-element-b4c17ef elementor-widget elementor-widget-image\" data-id=\"b4c17ef\" data-element_type=\"widget\" data-e-type=\"widget\" data-widget_type=\"image.default\">\n\t\t\t\t<div class=\"elementor-widget-container\">\n\t\t\t\t\t\t\t\t\t\t\t\t\t\t\t<img decoding=\"async\" width=\"1024\" height=\"683\" src=\"https:\/\/leonie-paccard.com\/wp-content\/uploads\/2026\/03\/DSC_0998-1024x683.jpg\" class=\"attachment-large size-large wp-image-1419\" alt=\"\" srcset=\"https:\/\/leonie-paccard.com\/wp-content\/uploads\/2026\/03\/DSC_0998-1024x683.jpg 1024w, https:\/\/leonie-paccard.com\/wp-content\/uploads\/2026\/03\/DSC_0998-300x200.jpg 300w, https:\/\/leonie-paccard.com\/wp-content\/uploads\/2026\/03\/DSC_0998-768x512.jpg 768w, https:\/\/leonie-paccard.com\/wp-content\/uploads\/2026\/03\/DSC_0998-1536x1024.jpg 1536w, https:\/\/leonie-paccard.com\/wp-content\/uploads\/2026\/03\/DSC_0998-2048x1365.jpg 2048w, https:\/\/leonie-paccard.com\/wp-content\/uploads\/2026\/03\/DSC_0998-18x12.jpg 18w, https:\/\/leonie-paccard.com\/wp-content\/uploads\/2026\/03\/DSC_0998-930x620.jpg 930w\" sizes=\"(max-width: 1024px) 100vw, 1024px\" \/>\t\t\t\t\t\t\t\t\t\t\t\t\t\t\t<\/div>\n\t\t\t\t<\/div>\n\t\t\t\t<div class=\"elementor-element elementor-element-fa11012 elementor-widget elementor-widget-image\" data-id=\"fa11012\" data-element_type=\"widget\" data-e-type=\"widget\" data-widget_type=\"image.default\">\n\t\t\t\t<div class=\"elementor-widget-container\">\n\t\t\t\t\t\t\t\t\t\t\t\t\t\t\t<img decoding=\"async\" width=\"1024\" height=\"683\" src=\"https:\/\/leonie-paccard.com\/wp-content\/uploads\/2026\/03\/DSC_0011-1-1024x683.jpg\" class=\"attachment-large size-large wp-image-1423\" alt=\"\" srcset=\"https:\/\/leonie-paccard.com\/wp-content\/uploads\/2026\/03\/DSC_0011-1-1024x683.jpg 1024w, https:\/\/leonie-paccard.com\/wp-content\/uploads\/2026\/03\/DSC_0011-1-300x200.jpg 300w, https:\/\/leonie-paccard.com\/wp-content\/uploads\/2026\/03\/DSC_0011-1-768x512.jpg 768w, https:\/\/leonie-paccard.com\/wp-content\/uploads\/2026\/03\/DSC_0011-1-1536x1024.jpg 1536w, https:\/\/leonie-paccard.com\/wp-content\/uploads\/2026\/03\/DSC_0011-1-2048x1365.jpg 2048w, https:\/\/leonie-paccard.com\/wp-content\/uploads\/2026\/03\/DSC_0011-1-18x12.jpg 18w, https:\/\/leonie-paccard.com\/wp-content\/uploads\/2026\/03\/DSC_0011-1-930x620.jpg 930w\" sizes=\"(max-width: 1024px) 100vw, 1024px\" \/>\t\t\t\t\t\t\t\t\t\t\t\t\t\t\t<\/div>\n\t\t\t\t<\/div>\n\t\t\t\t<div class=\"elementor-element elementor-element-556df9d elementor-widget elementor-widget-image\" data-id=\"556df9d\" data-element_type=\"widget\" data-e-type=\"widget\" data-widget_type=\"image.default\">\n\t\t\t\t<div class=\"elementor-widget-container\">\n\t\t\t\t\t\t\t\t\t\t\t\t\t\t\t<img loading=\"lazy\" decoding=\"async\" width=\"768\" height=\"512\" src=\"https:\/\/leonie-paccard.com\/wp-content\/uploads\/2026\/03\/DSC_0957-768x512.jpg\" class=\"attachment-medium_large size-medium_large wp-image-1417\" alt=\"\" srcset=\"https:\/\/leonie-paccard.com\/wp-content\/uploads\/2026\/03\/DSC_0957-768x512.jpg 768w, https:\/\/leonie-paccard.com\/wp-content\/uploads\/2026\/03\/DSC_0957-300x200.jpg 300w, https:\/\/leonie-paccard.com\/wp-content\/uploads\/2026\/03\/DSC_0957-1024x683.jpg 1024w, https:\/\/leonie-paccard.com\/wp-content\/uploads\/2026\/03\/DSC_0957-1536x1024.jpg 1536w, https:\/\/leonie-paccard.com\/wp-content\/uploads\/2026\/03\/DSC_0957-2048x1365.jpg 2048w, https:\/\/leonie-paccard.com\/wp-content\/uploads\/2026\/03\/DSC_0957-18x12.jpg 18w, https:\/\/leonie-paccard.com\/wp-content\/uploads\/2026\/03\/DSC_0957-930x620.jpg 930w\" sizes=\"(max-width: 768px) 100vw, 768px\" \/>\t\t\t\t\t\t\t\t\t\t\t\t\t\t\t<\/div>\n\t\t\t\t<\/div>\n\t\t\t\t<div class=\"elementor-element elementor-element-c1370a4 elementor-widget elementor-widget-image\" data-id=\"c1370a4\" data-element_type=\"widget\" data-e-type=\"widget\" data-widget_type=\"image.default\">\n\t\t\t\t<div class=\"elementor-widget-container\">\n\t\t\t\t\t\t\t\t\t\t\t\t\t\t\t<img loading=\"lazy\" decoding=\"async\" width=\"768\" height=\"512\" src=\"https:\/\/leonie-paccard.com\/wp-content\/uploads\/2026\/03\/DSC_0053-768x512.jpg\" class=\"attachment-medium_large size-medium_large wp-image-1431\" alt=\"\" srcset=\"https:\/\/leonie-paccard.com\/wp-content\/uploads\/2026\/03\/DSC_0053-768x512.jpg 768w, https:\/\/leonie-paccard.com\/wp-content\/uploads\/2026\/03\/DSC_0053-300x200.jpg 300w, https:\/\/leonie-paccard.com\/wp-content\/uploads\/2026\/03\/DSC_0053-1024x683.jpg 1024w, https:\/\/leonie-paccard.com\/wp-content\/uploads\/2026\/03\/DSC_0053-1536x1024.jpg 1536w, https:\/\/leonie-paccard.com\/wp-content\/uploads\/2026\/03\/DSC_0053-2048x1365.jpg 2048w, https:\/\/leonie-paccard.com\/wp-content\/uploads\/2026\/03\/DSC_0053-18x12.jpg 18w, https:\/\/leonie-paccard.com\/wp-content\/uploads\/2026\/03\/DSC_0053-930x620.jpg 930w\" sizes=\"(max-width: 768px) 100vw, 768px\" \/>\t\t\t\t\t\t\t\t\t\t\t\t\t\t\t<\/div>\n\t\t\t\t<\/div>\n\t\t\t\t\t<\/div>\n\t\t\t\t<\/div>\n\t\t\t\t<\/div>","protected":false},"excerpt":{"rendered":"<p>Briques en terre crue Initiation \u00e0 la terre crue &#8211; Coll\u00e8ge Chevreul Lestonnac (Lyon) Promouvoir des techniques historiques, \u00e9cologiques et \u00e9conomique.\u00a0 Une premi\u00e8re approche du mat\u00e9riau \u00ab\u00a0terre\u00a0\u00bb via la r\u00e9alisation de petits modules de briques en terre comprim\u00e9e avec des coll\u00e9giens 1 \/ Tamiser 2 \/ Tester 3 \/ Tasser 4 \/ D\u00e9mouler Faire un&hellip;&nbsp;<a href=\"https:\/\/leonie-paccard.com\/en\/briques-en-terre-crue\/\" rel=\"bookmark\">Read More &raquo;<span class=\"screen-reader-text\">Briques en terre crue<\/span><\/a><\/p>","protected":false},"author":3,"featured_media":0,"parent":0,"menu_order":0,"comment_status":"closed","ping_status":"closed","template":"page-templates\/template-pagebuilder-full-width.php","meta":{"neve_meta_sidebar":"","neve_meta_container":"","neve_meta_enable_content_width":"","neve_meta_content_width":0,"neve_meta_title_alignment":"","neve_meta_author_avatar":"","neve_post_elements_order":"","neve_meta_disable_header":"","neve_meta_disable_footer":"","neve_meta_disable_title":"","footnotes":""},"class_list":["post-1411","page","type-page","status-publish","hentry"],"_links":{"self":[{"href":"https:\/\/leonie-paccard.com\/en\/wp-json\/wp\/v2\/pages\/1411","targetHints":{"allow":["GET"]}}],"collection":[{"href":"https:\/\/leonie-paccard.com\/en\/wp-json\/wp\/v2\/pages"}],"about":[{"href":"https:\/\/leonie-paccard.com\/en\/wp-json\/wp\/v2\/types\/page"}],"author":[{"embeddable":true,"href":"https:\/\/leonie-paccard.com\/en\/wp-json\/wp\/v2\/users\/3"}],"replies":[{"embeddable":true,"href":"https:\/\/leonie-paccard.com\/en\/wp-json\/wp\/v2\/comments?post=1411"}],"version-history":[{"count":39,"href":"https:\/\/leonie-paccard.com\/en\/wp-json\/wp\/v2\/pages\/1411\/revisions"}],"predecessor-version":[{"id":1459,"href":"https:\/\/leonie-paccard.com\/en\/wp-json\/wp\/v2\/pages\/1411\/revisions\/1459"}],"wp:attachment":[{"href":"https:\/\/leonie-paccard.com\/en\/wp-json\/wp\/v2\/media?parent=1411"}],"curies":[{"name":"wp","href":"https:\/\/api.w.org\/{rel}","templated":true}]}}