{"id":1460,"date":"2026-03-31T10:03:55","date_gmt":"2026-03-31T10:03:55","guid":{"rendered":"https:\/\/leonie-paccard.com\/?page_id=1460"},"modified":"2026-03-31T14:37:21","modified_gmt":"2026-03-31T14:37:21","slug":"mobilier-en-pise-2","status":"publish","type":"page","link":"https:\/\/leonie-paccard.com\/en\/mobilier-en-pise-2\/","title":{"rendered":"Mobilier en pis\u00e9"},"content":{"rendered":"<div data-elementor-type=\"wp-page\" data-elementor-id=\"1460\" class=\"elementor elementor-1460\">\n\t\t\t\t<div class=\"elementor-element elementor-element-0bd552f e-con-full e-flex e-con e-parent\" data-id=\"0bd552f\" data-element_type=\"container\" data-e-type=\"container\" data-settings=\"{&quot;background_background&quot;:&quot;classic&quot;}\">\n\t\t\t\t<div class=\"elementor-element elementor-element-7c9e770 elementor-widget elementor-widget-heading\" data-id=\"7c9e770\" data-element_type=\"widget\" data-e-type=\"widget\" data-widget_type=\"heading.default\">\n\t\t\t\t<div class=\"elementor-widget-container\">\n\t\t\t\t\t<h1 class=\"elementor-heading-title elementor-size-default\">Mobilier en pis\u00e9<\/h1>\t\t\t\t<\/div>\n\t\t\t\t<\/div>\n\t\t\t\t<\/div>\n\t\t<div class=\"elementor-element elementor-element-2377ccf e-flex e-con-boxed e-con e-parent\" data-id=\"2377ccf\" data-element_type=\"container\" data-e-type=\"container\">\n\t\t\t\t\t<div class=\"e-con-inner\">\n\t\t<div class=\"elementor-element elementor-element-d04dd42 e-con-full e-flex e-con e-child\" data-id=\"d04dd42\" data-element_type=\"container\" data-e-type=\"container\">\n\t\t\t\t<div class=\"elementor-element elementor-element-d7edb6e elementor-widget elementor-widget-image\" data-id=\"d7edb6e\" data-element_type=\"widget\" data-e-type=\"widget\" data-widget_type=\"image.default\">\n\t\t\t\t<div class=\"elementor-widget-container\">\n\t\t\t\t\t\t\t\t\t\t\t\t\t\t\t<img decoding=\"async\" src=\"https:\/\/leonie-paccard.com\/wp-content\/uploads\/2026\/03\/RECADRE-banc-pise.jpg\" title=\"RECADRE banc pis\u00e9\" alt=\"RECADRE banc pis\u00e9\" loading=\"lazy\" \/>\t\t\t\t\t\t\t\t\t\t\t\t\t\t\t<\/div>\n\t\t\t\t<\/div>\n\t\t\t\t<div class=\"elementor-element elementor-element-369eaec elementor-widget elementor-widget-image\" data-id=\"369eaec\" data-element_type=\"widget\" data-e-type=\"widget\" data-widget_type=\"image.default\">\n\t\t\t\t<div class=\"elementor-widget-container\">\n\t\t\t\t\t\t\t\t\t\t\t\t\t\t\t<img fetchpriority=\"high\" decoding=\"async\" width=\"930\" height=\"620\" src=\"https:\/\/leonie-paccard.com\/wp-content\/uploads\/2026\/03\/WhatsApp-Image-2026-02-19-at-15.42.13-930x620.jpeg\" class=\"attachment-neve-blog size-neve-blog wp-image-1129\" alt=\"\" \/>\t\t\t\t\t\t\t\t\t\t\t\t\t\t\t<\/div>\n\t\t\t\t<\/div>\n\t\t\t\t<\/div>\n\t\t<div class=\"elementor-element elementor-element-3269d13 e-con-full text-project e-flex e-con e-child\" data-id=\"3269d13\" data-element_type=\"container\" data-e-type=\"container\">\n\t\t\t\t<div class=\"elementor-element elementor-element-5c6147b elementor-widget elementor-widget-heading\" data-id=\"5c6147b\" data-element_type=\"widget\" data-e-type=\"widget\" data-widget_type=\"heading.default\">\n\t\t\t\t<div class=\"elementor-widget-container\">\n\t\t\t\t\t<h4 class=\"elementor-heading-title elementor-size-default\">Fabrication de petit mobilier en pis\u00e9<\/h4>\t\t\t\t<\/div>\n\t\t\t\t<\/div>\n\t\t\t\t<div class=\"elementor-element elementor-element-7418ecf elementor-widget elementor-widget-text-editor\" data-id=\"7418ecf\" data-element_type=\"widget\" data-e-type=\"widget\" data-widget_type=\"text-editor.default\">\n\t\t\t\t<div class=\"elementor-widget-container\">\n\t\t\t\t\t\t\t\t\t<p>R\u00e9alisation avec les \u00e9l\u00e8ves de bancs en terre comprim\u00e9e selon la technique du pis\u00e9<\/p><p>Une r\u00e8gle d&rsquo;or pour le pis\u00e9 <em>\u00ab\u00a0avoir des bonnes bottes et un bon chapeau\u00a0\u00bb !\u00a0<\/em><\/p><p>Bottes : soubassement pour s&rsquo;\u00e9loigner de l&rsquo;humidit\u00e9 du sol \/ Ici b\u00e9ton<\/p><p>Chapeau : une bonne couverture imperm\u00e9able pour \u00e9viter les infiltrations au coeur du mur \/ Ici ardoise pour cr\u00e9er l&rsquo;assise\u00a0<\/p><p>\/ R\u00e9aliser une banche<\/p><p>\/ Tasser et compacter la terre en couches successives \u00e0 l&rsquo;aide du \u00ab\u00a0pisoir\u00a0\u00bb. Ici on utilise des poteaux de bois.<\/p><p>\/ D\u00e9croffrer tout de suite pour pouvoir admirer notre oeuvre<\/p><p>\/ Lui mettre son chapeau que l&rsquo;on fixe gr\u00e2ce \u00e0 un mortier de terre + eau, et c&rsquo;est fini !\u00a0<\/p>\t\t\t\t\t\t\t\t<\/div>\n\t\t\t\t<\/div>\n\t\t\t\t<div class=\"elementor-element elementor-element-4342693 elementor-widget elementor-widget-image\" data-id=\"4342693\" data-element_type=\"widget\" data-e-type=\"widget\" data-widget_type=\"image.default\">\n\t\t\t\t<div class=\"elementor-widget-container\">\n\t\t\t\t\t\t\t\t\t\t\t\t\t\t\t<img decoding=\"async\" src=\"https:\/\/leonie-paccard.com\/wp-content\/uploads\/elementor\/thumbs\/IMG_2098-rlbm9m1u70b9oule8v856fux1zosds3zbag7l62yew.jpeg\" title=\"IMG_2098\" alt=\"IMG_2098\" loading=\"lazy\" \/>\t\t\t\t\t\t\t\t\t\t\t\t\t\t\t<\/div>\n\t\t\t\t<\/div>\n\t\t\t\t<\/div>\n\t\t\t\t\t<\/div>\n\t\t\t\t<\/div>\n\t\t<div class=\"elementor-element elementor-element-752fe35 e-grid e-con-boxed e-con e-parent\" data-id=\"752fe35\" data-element_type=\"container\" data-e-type=\"container\">\n\t\t\t\t\t<div class=\"e-con-inner\">\n\t\t\t\t<div class=\"elementor-element elementor-element-fa11012 elementor-widget elementor-widget-image\" data-id=\"fa11012\" data-element_type=\"widget\" data-e-type=\"widget\" data-widget_type=\"image.default\">\n\t\t\t\t<div class=\"elementor-widget-container\">\n\t\t\t\t\t\t\t\t\t\t\t\t\t\t\t<img decoding=\"async\" width=\"768\" height=\"1024\" src=\"https:\/\/leonie-paccard.com\/wp-content\/uploads\/2026\/03\/WhatsApp-Image-2026-02-19-at-15.41.08-768x1024.jpeg\" class=\"attachment-large size-large wp-image-1128\" alt=\"\" srcset=\"https:\/\/leonie-paccard.com\/wp-content\/uploads\/2026\/03\/WhatsApp-Image-2026-02-19-at-15.41.08-768x1024.jpeg 768w, https:\/\/leonie-paccard.com\/wp-content\/uploads\/2026\/03\/WhatsApp-Image-2026-02-19-at-15.41.08-225x300.jpeg 225w, https:\/\/leonie-paccard.com\/wp-content\/uploads\/2026\/03\/WhatsApp-Image-2026-02-19-at-15.41.08-1152x1536.jpeg 1152w, https:\/\/leonie-paccard.com\/wp-content\/uploads\/2026\/03\/WhatsApp-Image-2026-02-19-at-15.41.08-9x12.jpeg 9w, https:\/\/leonie-paccard.com\/wp-content\/uploads\/2026\/03\/WhatsApp-Image-2026-02-19-at-15.41.08.jpeg 1200w\" sizes=\"(max-width: 768px) 100vw, 768px\" \/>\t\t\t\t\t\t\t\t\t\t\t\t\t\t\t<\/div>\n\t\t\t\t<\/div>\n\t\t\t\t<div class=\"elementor-element elementor-element-b4c17ef elementor-widget elementor-widget-image\" data-id=\"b4c17ef\" data-element_type=\"widget\" data-e-type=\"widget\" data-widget_type=\"image.default\">\n\t\t\t\t<div class=\"elementor-widget-container\">\n\t\t\t\t\t\t\t\t\t\t\t\t\t\t\t<img decoding=\"async\" width=\"768\" height=\"1024\" src=\"https:\/\/leonie-paccard.com\/wp-content\/uploads\/2026\/03\/IMG_2117-768x1024.jpeg\" class=\"attachment-large size-large wp-image-1477\" alt=\"\" srcset=\"https:\/\/leonie-paccard.com\/wp-content\/uploads\/2026\/03\/IMG_2117-768x1024.jpeg 768w, https:\/\/leonie-paccard.com\/wp-content\/uploads\/2026\/03\/IMG_2117-225x300.jpeg 225w, https:\/\/leonie-paccard.com\/wp-content\/uploads\/2026\/03\/IMG_2117-1152x1536.jpeg 1152w, https:\/\/leonie-paccard.com\/wp-content\/uploads\/2026\/03\/IMG_2117-9x12.jpeg 9w, https:\/\/leonie-paccard.com\/wp-content\/uploads\/2026\/03\/IMG_2117.jpeg 1536w\" sizes=\"(max-width: 768px) 100vw, 768px\" \/>\t\t\t\t\t\t\t\t\t\t\t\t\t\t\t<\/div>\n\t\t\t\t<\/div>\n\t\t\t\t<div class=\"elementor-element elementor-element-556df9d elementor-widget elementor-widget-image\" data-id=\"556df9d\" data-element_type=\"widget\" data-e-type=\"widget\" data-widget_type=\"image.default\">\n\t\t\t\t<div class=\"elementor-widget-container\">\n\t\t\t\t\t\t\t\t\t\t\t\t\t\t\t<img loading=\"lazy\" decoding=\"async\" width=\"768\" height=\"1024\" src=\"https:\/\/leonie-paccard.com\/wp-content\/uploads\/2026\/03\/WhatsApp-Image-2026-02-19-at-15.41.45-768x1024.jpeg\" class=\"attachment-medium_large size-medium_large wp-image-1461\" alt=\"\" srcset=\"https:\/\/leonie-paccard.com\/wp-content\/uploads\/2026\/03\/WhatsApp-Image-2026-02-19-at-15.41.45-768x1024.jpeg 768w, https:\/\/leonie-paccard.com\/wp-content\/uploads\/2026\/03\/WhatsApp-Image-2026-02-19-at-15.41.45-225x300.jpeg 225w, https:\/\/leonie-paccard.com\/wp-content\/uploads\/2026\/03\/WhatsApp-Image-2026-02-19-at-15.41.45-1152x1536.jpeg 1152w, https:\/\/leonie-paccard.com\/wp-content\/uploads\/2026\/03\/WhatsApp-Image-2026-02-19-at-15.41.45-9x12.jpeg 9w, https:\/\/leonie-paccard.com\/wp-content\/uploads\/2026\/03\/WhatsApp-Image-2026-02-19-at-15.41.45.jpeg 1200w\" sizes=\"(max-width: 768px) 100vw, 768px\" \/>\t\t\t\t\t\t\t\t\t\t\t\t\t\t\t<\/div>\n\t\t\t\t<\/div>\n\t\t\t\t\t<\/div>\n\t\t\t\t<\/div>\n\t\t\t\t<\/div>","protected":false},"excerpt":{"rendered":"<p>Mobilier en pis\u00e9 Fabrication de petit mobilier en pis\u00e9 R\u00e9alisation avec les \u00e9l\u00e8ves de bancs en terre comprim\u00e9e selon la technique du pis\u00e9 Une r\u00e8gle d&rsquo;or pour le pis\u00e9 \u00ab\u00a0avoir des bonnes bottes et un bon chapeau\u00a0\u00bb !\u00a0 Bottes : soubassement pour s&rsquo;\u00e9loigner de l&rsquo;humidit\u00e9 du sol \/ Ici b\u00e9ton Chapeau : une bonne couverture&hellip;&nbsp;<a href=\"https:\/\/leonie-paccard.com\/en\/mobilier-en-pise-2\/\" rel=\"bookmark\">Read More &raquo;<span class=\"screen-reader-text\">Mobilier en pis\u00e9<\/span><\/a><\/p>","protected":false},"author":3,"featured_media":0,"parent":0,"menu_order":0,"comment_status":"closed","ping_status":"closed","template":"page-templates\/template-pagebuilder-full-width.php","meta":{"neve_meta_sidebar":"","neve_meta_container":"","neve_meta_enable_content_width":"","neve_meta_content_width":0,"neve_meta_title_alignment":"","neve_meta_author_avatar":"","neve_post_elements_order":"","neve_meta_disable_header":"","neve_meta_disable_footer":"","neve_meta_disable_title":"","footnotes":""},"class_list":["post-1460","page","type-page","status-publish","hentry"],"_links":{"self":[{"href":"https:\/\/leonie-paccard.com\/en\/wp-json\/wp\/v2\/pages\/1460","targetHints":{"allow":["GET"]}}],"collection":[{"href":"https:\/\/leonie-paccard.com\/en\/wp-json\/wp\/v2\/pages"}],"about":[{"href":"https:\/\/leonie-paccard.com\/en\/wp-json\/wp\/v2\/types\/page"}],"author":[{"embeddable":true,"href":"https:\/\/leonie-paccard.com\/en\/wp-json\/wp\/v2\/users\/3"}],"replies":[{"embeddable":true,"href":"https:\/\/leonie-paccard.com\/en\/wp-json\/wp\/v2\/comments?post=1460"}],"version-history":[{"count":21,"href":"https:\/\/leonie-paccard.com\/en\/wp-json\/wp\/v2\/pages\/1460\/revisions"}],"predecessor-version":[{"id":1486,"href":"https:\/\/leonie-paccard.com\/en\/wp-json\/wp\/v2\/pages\/1460\/revisions\/1486"}],"wp:attachment":[{"href":"https:\/\/leonie-paccard.com\/en\/wp-json\/wp\/v2\/media?parent=1460"}],"curies":[{"name":"wp","href":"https:\/\/api.w.org\/{rel}","templated":true}]}}