{"id":1514,"date":"2026-04-03T08:26:01","date_gmt":"2026-04-03T08:26:01","guid":{"rendered":"https:\/\/leonie-paccard.com\/?page_id=1514"},"modified":"2026-04-03T09:06:43","modified_gmt":"2026-04-03T09:06:43","slug":"jardins-eco-spirituels-du-chatelard","status":"publish","type":"page","link":"https:\/\/leonie-paccard.com\/en\/jardins-eco-spirituels-du-chatelard\/","title":{"rendered":"Jardins \u00e9co-spirituels du ch\u00e2telard"},"content":{"rendered":"<div data-elementor-type=\"wp-page\" data-elementor-id=\"1514\" class=\"elementor elementor-1514\">\n\t\t\t\t<div class=\"elementor-element elementor-element-0bd552f e-con-full e-flex e-con e-parent\" data-id=\"0bd552f\" data-element_type=\"container\" data-e-type=\"container\" data-settings=\"{&quot;background_background&quot;:&quot;classic&quot;}\">\n\t\t\t\t<div class=\"elementor-element elementor-element-7c9e770 elementor-widget elementor-widget-heading\" data-id=\"7c9e770\" data-element_type=\"widget\" data-e-type=\"widget\" data-widget_type=\"heading.default\">\n\t\t\t\t<div class=\"elementor-widget-container\">\n\t\t\t\t\t<h1 class=\"elementor-heading-title elementor-size-default\">Jardins \u00e9co-spirituels du ch\u00e2telard<\/h1>\t\t\t\t<\/div>\n\t\t\t\t<\/div>\n\t\t\t\t<\/div>\n\t\t<div class=\"elementor-element elementor-element-671278d e-flex e-con-boxed e-con e-parent\" data-id=\"671278d\" data-element_type=\"container\" data-e-type=\"container\">\n\t\t\t\t\t<div class=\"e-con-inner\">\n\t\t\t\t<div class=\"elementor-element elementor-element-326cd8f elementor-widget elementor-widget-heading\" data-id=\"326cd8f\" data-element_type=\"widget\" data-e-type=\"widget\" data-widget_type=\"heading.default\">\n\t\t\t\t<div class=\"elementor-widget-container\">\n\t\t\t\t\t<h2 class=\"elementor-heading-title elementor-size-default\">Le paysage au service de la m\u00e9ditation, l'introspection et la biodiversit\u00e9<\/h2>\t\t\t\t<\/div>\n\t\t\t\t<\/div>\n\t\t\t\t\t<\/div>\n\t\t\t\t<\/div>\n\t\t<div class=\"elementor-element elementor-element-2d98c6a e-flex e-con-boxed e-con e-parent\" data-id=\"2d98c6a\" data-element_type=\"container\" data-e-type=\"container\">\n\t\t\t\t\t<div class=\"e-con-inner\">\n\t\t\t\t<div class=\"elementor-element elementor-element-cab87e3 elementor-widget elementor-widget-html\" data-id=\"cab87e3\" data-element_type=\"widget\" data-e-type=\"widget\" data-widget_type=\"html.default\">\n\t\t\t\t<div class=\"elementor-widget-container\">\n\t\t\t\t\t\n<style>\n    .project-column {\n        position: relative\n    }\n    \n    .project-column:hover .project-hover {\n        opacity: 1;\n    }\n\n    .project-hover {\n        opacity: 0;\n        position: absolute !important;\n        background-color: rgba(88, 88, 88, 0.5);\n        \/*background-color: rgba(245, 199, 244, 0.3);*\/\n        left: 10px;\n        right: 10px;\n        top: 10px;\n        bottom: 10px;\n        transition: all 0.3s ease-in-out;\n        padding: 25px;\n       \n    }\n    \n    \n    .project-text {\n        color: #f0f0f0;\n         text-decoration: none !important;\n    }\n    \n    .project-text:hover {\n                color: #f0f0f0 !important;\n    }\n    \n    .project-text > div {\n        height: 100%;\n    }\n    \n    .project-text .title {\n        font-size: 25px;\n        text-transform: uppercase\n    }\n    \n    .project-text .desc {\n        font-size: 16px;\n        line-height: 20px;\n    }\n    \n    @media only screen and (max-width: 550px) {\n        \n        .project-hover {\n            padding: 15px\n        }\n        \n       .project-text .title {\n            font-size: 22px;\n            line-height: 22px;\n            margin-bottom: 10px;\n         \n        }\n    \n        .project-text .desc {\n            font-size: 15px;\n            line-height: 19px;\n        }\n    }\n    \n<\/style>\t\t\t\t<\/div>\n\t\t\t\t<\/div>\n\t\t\t\t\t<\/div>\n\t\t\t\t<\/div>\n\t\t<div class=\"elementor-element elementor-element-9b94f74 e-flex e-con-boxed e-con e-parent\" data-id=\"9b94f74\" data-element_type=\"container\" data-e-type=\"container\">\n\t\t\t\t\t<div class=\"e-con-inner\">\n\t\t<div class=\"elementor-element elementor-element-fb41539 e-con-full e-flex e-con e-child\" data-id=\"fb41539\" data-element_type=\"container\" data-e-type=\"container\">\n\t\t<div class=\"elementor-element elementor-element-956e335 e-con-full project-column e-flex e-con e-child\" data-id=\"956e335\" data-element_type=\"container\" data-e-type=\"container\">\n\t\t\t\t<div class=\"elementor-element elementor-element-e95ce34 elementor-widget__width-initial elementor-widget elementor-widget-image\" data-id=\"e95ce34\" data-element_type=\"widget\" data-e-type=\"widget\" data-widget_type=\"image.default\">\n\t\t\t\t<div class=\"elementor-widget-container\">\n\t\t\t\t\t\t\t\t\t\t\t\t\t\t\t<img fetchpriority=\"high\" decoding=\"async\" width=\"1024\" height=\"724\" src=\"https:\/\/leonie-paccard.com\/wp-content\/uploads\/2026\/03\/CHATELARD_Plan-masse-1024x724.jpeg\" class=\"attachment-large size-large wp-image-1174\" alt=\"\" srcset=\"https:\/\/leonie-paccard.com\/wp-content\/uploads\/2026\/03\/CHATELARD_Plan-masse-1024x724.jpeg 1024w, https:\/\/leonie-paccard.com\/wp-content\/uploads\/2026\/03\/CHATELARD_Plan-masse-300x212.jpeg 300w, https:\/\/leonie-paccard.com\/wp-content\/uploads\/2026\/03\/CHATELARD_Plan-masse-768x543.jpeg 768w, https:\/\/leonie-paccard.com\/wp-content\/uploads\/2026\/03\/CHATELARD_Plan-masse-1536x1086.jpeg 1536w, https:\/\/leonie-paccard.com\/wp-content\/uploads\/2026\/03\/CHATELARD_Plan-masse-18x12.jpeg 18w, https:\/\/leonie-paccard.com\/wp-content\/uploads\/2026\/03\/CHATELARD_Plan-masse.jpeg 1600w\" sizes=\"(max-width: 1024px) 100vw, 1024px\" \/>\t\t\t\t\t\t\t\t\t\t\t\t\t\t\t<\/div>\n\t\t\t\t<\/div>\n\t\t\t\t<\/div>\n\t\t<div class=\"elementor-element elementor-element-aa7aa84 e-con-full project-column e-flex e-con e-child\" data-id=\"aa7aa84\" data-element_type=\"container\" data-e-type=\"container\">\n\t\t\t\t<div class=\"elementor-element elementor-element-9488b36 elementor-widget elementor-widget-heading\" data-id=\"9488b36\" data-element_type=\"widget\" data-e-type=\"widget\" data-widget_type=\"heading.default\">\n\t\t\t\t<div class=\"elementor-widget-container\">\n\t\t\t\t\t<h4 class=\"elementor-heading-title elementor-size-default\">Conception de 9 jardins th\u00e9matiques \u00e0 Francheville (69)<\/h4>\t\t\t\t<\/div>\n\t\t\t\t<\/div>\n\t\t\t\t<div class=\"elementor-element elementor-element-b41a0a1 elementor-widget elementor-widget-text-editor\" data-id=\"b41a0a1\" data-element_type=\"widget\" data-e-type=\"widget\" data-widget_type=\"text-editor.default\">\n\t\t\t\t<div class=\"elementor-widget-container\">\n\t\t\t\t\t\t\t\t\t<p><strong>Une reconnexion \u00e0 la nature<\/strong><\/p><p>L&rsquo;\u00e9co-centre J\u00e9suite du Ch\u00e2telard souhaite accompagner ses activit\u00e9s de retraites spirituelles par la r\u00e9alisation de plusieurs jardins th\u00e9matiques destin\u00e9s \u00e0 inviter les retraitants \u00e0 la m\u00e9diation, la contemplation et cr\u00e9er une relation forte \u00e0 la nature et ses habitants. Un retour aux sources par l&rsquo;exp\u00e9rience de la beaut\u00e9.<\/p><p>A deux pas de Lyon, ce centre permet une respiration au vert et une reconnexion directe \u00e0 la nature, la faune, la flore, avec une vue d\u00e9gag\u00e9e sur la cit\u00e9 des Trois Gaulles.<\/p><p><strong>Respecter et accuellir la biodiversit\u00e9<\/strong><\/p><p>Le projet vient donc habiter la \u00ab\u00a0pente nord\u00a0\u00bb avec une imbrication de diff\u00e9rents espaces paysagers. Un point d&rsquo;honneur est accord\u00e9 \u00e0 concevoir des espaces esth\u00e9tiques, certe, mais avant tous utiles \u00e0 la biodiversit\u00e9 : accueil des pollinisateurs, essences nutritives pour la petite faune, les oiseaux, .. Un choix exigeant est fait dans la palette v\u00e9g\u00e9tale, avec des esp\u00e8ces locales, r\u00e9silientes, non invasivess\u00a0 et ayant toujours un int\u00e9r\u00eat pour les petits habitants du site.\u00a0<\/p>\t\t\t\t\t\t\t\t<\/div>\n\t\t\t\t<\/div>\n\t\t\t\t<\/div>\n\t\t<div class=\"elementor-element elementor-element-20e6cda e-con-full project-column e-flex e-con e-child\" data-id=\"20e6cda\" data-element_type=\"container\" data-e-type=\"container\">\n\t\t\t\t<div class=\"elementor-element elementor-element-c759370 elementor-widget elementor-widget-heading\" data-id=\"c759370\" data-element_type=\"widget\" data-e-type=\"widget\" data-widget_type=\"heading.default\">\n\t\t\t\t<div class=\"elementor-widget-container\">\n\t\t\t\t\t<h5 class=\"elementor-heading-title elementor-size-default\">Les 9 jardins th\u00e9matiques<\/h5>\t\t\t\t<\/div>\n\t\t\t\t<\/div>\n\t\t\t\t<div class=\"elementor-element elementor-element-0675f46 elementor-widget__width-initial elementor-widget elementor-widget-text-editor\" data-id=\"0675f46\" data-element_type=\"widget\" data-e-type=\"widget\" data-widget_type=\"text-editor.default\">\n\t\t\t\t<div class=\"elementor-widget-container\">\n\t\t\t\t\t\t\t\t\t<ul><li>Jardin des lianes\u00a0<\/li><li>Jardin des oiseaux<\/li><li>Jardin biblique<\/li><li>Jardin m\u00e9dicinal<\/li><li>Jardin m\u00e9diterann\u00e9en<\/li><li>Verger-Potager<\/li><li>Haie sensorielle<\/li><li>Haie des petits fruits<\/li><li>Jardin des fleurs<\/li><\/ul><div>\u00a0<\/div><p>Le projet comprend la conception, mais \u00e9galement la plantation imagin\u00e9e de mani\u00e8re participative avec des particuliers, des \u00e9l\u00e8ves, afin d&rsquo;engager les usagers, sensibiliser, et aller au bout du processus.\u00a0<\/p><p><strong>\u00ab\u00a0On ne prot\u00e8ge que ce que l&rsquo;on connait !\u00a0\u00bb<\/strong><\/p>\t\t\t\t\t\t\t\t<\/div>\n\t\t\t\t<\/div>\n\t\t\t\t<\/div>\n\t\t<div class=\"elementor-element elementor-element-f8bd737 e-con-full project-column e-flex e-con e-child\" data-id=\"f8bd737\" data-element_type=\"container\" data-e-type=\"container\">\n\t\t\t\t<div class=\"elementor-element elementor-element-2271406 elementor-widget elementor-widget-image\" data-id=\"2271406\" data-element_type=\"widget\" data-e-type=\"widget\" data-widget_type=\"image.default\">\n\t\t\t\t<div class=\"elementor-widget-container\">\n\t\t\t\t\t\t\t\t\t\t\t\t\t\t\t<img decoding=\"async\" width=\"768\" height=\"1152\" src=\"https:\/\/leonie-paccard.com\/wp-content\/uploads\/2026\/03\/ChatGPT-Image-19-fevr.-2026-14_51_59-768x1152.png\" class=\"attachment-medium_large size-medium_large wp-image-1103\" alt=\"\" srcset=\"https:\/\/leonie-paccard.com\/wp-content\/uploads\/2026\/03\/ChatGPT-Image-19-fevr.-2026-14_51_59-768x1152.png 768w, https:\/\/leonie-paccard.com\/wp-content\/uploads\/2026\/03\/ChatGPT-Image-19-fevr.-2026-14_51_59-200x300.png 200w, https:\/\/leonie-paccard.com\/wp-content\/uploads\/2026\/03\/ChatGPT-Image-19-fevr.-2026-14_51_59-683x1024.png 683w, https:\/\/leonie-paccard.com\/wp-content\/uploads\/2026\/03\/ChatGPT-Image-19-fevr.-2026-14_51_59-8x12.png 8w, https:\/\/leonie-paccard.com\/wp-content\/uploads\/2026\/03\/ChatGPT-Image-19-fevr.-2026-14_51_59.png 1024w\" sizes=\"(max-width: 768px) 100vw, 768px\" \/>\t\t\t\t\t\t\t\t\t\t\t\t\t\t\t<\/div>\n\t\t\t\t<\/div>\n\t\t\t\t<div class=\"elementor-element elementor-element-5491067 project-hover elementor-widget elementor-widget-html\" data-id=\"5491067\" data-element_type=\"widget\" data-e-type=\"widget\" data-widget_type=\"html.default\">\n\t\t\t\t<div class=\"elementor-widget-container\">\n\t\t\t\t\t<a href=\"\/en\/experimentations\/\"  class=\"project-text\">\n    \n    <div>\n        \n    <p class=\"title\">Cr\u00e9ation d'ouverture<\/p>\n    <p class=\"desc\">\n        Travailler la mati\u00e8re pour cr\u00e9er de nouvelles ouvertures au service du programme. Ici une grande ouverture au dessus du plan de travail qui donne sur les b\u00e2timents agricoles en bois    \n    <\/p>\n    <\/p>\n    \n    <\/div>\n    \n<\/a>\n\t\t\t\t<\/div>\n\t\t\t\t<\/div>\n\t\t\t\t<\/div>\n\t\t<div class=\"elementor-element elementor-element-f035694 e-con-full project-column e-flex e-con e-child\" data-id=\"f035694\" data-element_type=\"container\" data-e-type=\"container\">\n\t\t\t\t<div class=\"elementor-element elementor-element-cf261e5 elementor-widget elementor-widget-image\" data-id=\"cf261e5\" data-element_type=\"widget\" data-e-type=\"widget\" data-widget_type=\"image.default\">\n\t\t\t\t<div class=\"elementor-widget-container\">\n\t\t\t\t\t\t\t\t\t\t\t\t\t\t\t<img decoding=\"async\" width=\"683\" height=\"1024\" src=\"https:\/\/leonie-paccard.com\/wp-content\/uploads\/2026\/03\/porte-683x1024.jpeg\" class=\"attachment-large size-large wp-image-1108\" alt=\"\" srcset=\"https:\/\/leonie-paccard.com\/wp-content\/uploads\/2026\/03\/porte-683x1024.jpeg 683w, https:\/\/leonie-paccard.com\/wp-content\/uploads\/2026\/03\/porte-200x300.jpeg 200w, https:\/\/leonie-paccard.com\/wp-content\/uploads\/2026\/03\/porte-768x1152.jpeg 768w, https:\/\/leonie-paccard.com\/wp-content\/uploads\/2026\/03\/porte-8x12.jpeg 8w, https:\/\/leonie-paccard.com\/wp-content\/uploads\/2026\/03\/porte.jpeg 1024w\" sizes=\"(max-width: 683px) 100vw, 683px\" \/>\t\t\t\t\t\t\t\t\t\t\t\t\t\t\t<\/div>\n\t\t\t\t<\/div>\n\t\t\t\t<div class=\"elementor-element elementor-element-5c26573 project-hover elementor-widget elementor-widget-html\" data-id=\"5c26573\" data-element_type=\"widget\" data-e-type=\"widget\" data-widget_type=\"html.default\">\n\t\t\t\t<div class=\"elementor-widget-container\">\n\t\t\t\t\t<a href=\"\/en\/grange-en-pise\/\" class=\"project-text\">\n    \n    <div>\n        \n    <p class=\"title\">Cadrage rural<\/p>\n    <p class=\"desc\">\n        Suppression d'une all\u00e8ge pour la cr\u00e9ation d'un acc\u00e8s depuis l'exterieur au niveau bas\n    <\/p>\n    \n    <\/div>\n    \n<\/a>\n\n\t\t\t\t<\/div>\n\t\t\t\t<\/div>\n\t\t\t\t<\/div>\n\t\t<div class=\"elementor-element elementor-element-c3e099e e-con-full project-column e-flex e-con e-child\" data-id=\"c3e099e\" data-element_type=\"container\" data-e-type=\"container\">\n\t\t\t\t<div class=\"elementor-element elementor-element-da811d2 elementor-widget elementor-widget-image\" data-id=\"da811d2\" data-element_type=\"widget\" data-e-type=\"widget\" data-widget_type=\"image.default\">\n\t\t\t\t<div class=\"elementor-widget-container\">\n\t\t\t\t\t\t\t\t\t\t\t\t\t\t\t<img loading=\"lazy\" decoding=\"async\" width=\"768\" height=\"1024\" src=\"https:\/\/leonie-paccard.com\/wp-content\/uploads\/2026\/03\/IMG_3287-768x1024.jpeg\" class=\"attachment-large size-large wp-image-1112\" alt=\"\" srcset=\"https:\/\/leonie-paccard.com\/wp-content\/uploads\/2026\/03\/IMG_3287-768x1024.jpeg 768w, https:\/\/leonie-paccard.com\/wp-content\/uploads\/2026\/03\/IMG_3287-225x300.jpeg 225w, https:\/\/leonie-paccard.com\/wp-content\/uploads\/2026\/03\/IMG_3287-1152x1536.jpeg 1152w, https:\/\/leonie-paccard.com\/wp-content\/uploads\/2026\/03\/IMG_3287-9x12.jpeg 9w, https:\/\/leonie-paccard.com\/wp-content\/uploads\/2026\/03\/IMG_3287.jpeg 1536w\" sizes=\"(max-width: 768px) 100vw, 768px\" \/>\t\t\t\t\t\t\t\t\t\t\t\t\t\t\t<\/div>\n\t\t\t\t<\/div>\n\t\t\t\t<div class=\"elementor-element elementor-element-9352e4f project-hover elementor-widget elementor-widget-html\" data-id=\"9352e4f\" data-element_type=\"widget\" data-e-type=\"widget\" data-widget_type=\"html.default\">\n\t\t\t\t<div class=\"elementor-widget-container\">\n\t\t\t\t\t<a href=\"\/en\/experimentations\/\"  class=\"project-text\">\n    \n    <div>\n        \n    <p class=\"title\">Vue sur la future cuisine et le double niveau <\/p>\n    <p class=\"desc\">\n        Le projet r\u00e9utilise des IPN d\u00e9ja pr\u00e9sentes (mais d\u00e9plac\u00e9es) pour cr\u00e9er un plancher haut. \n       <p class=\"desc\">\n         Projection d'un correcteur thermique \u00e0 base de terre et chanvre sur le mur de refend, qui sera par la suite enduit en terre\/chanvre \n        \n    <\/p>\n    <\/p>\n    \n    <\/div>\n    \n<\/a>\n\t\t\t\t<\/div>\n\t\t\t\t<\/div>\n\t\t\t\t<\/div>\n\t\t<div class=\"elementor-element elementor-element-2bb90f7 e-con-full project-column e-flex e-con e-child\" data-id=\"2bb90f7\" data-element_type=\"container\" data-e-type=\"container\">\n\t\t\t\t<div class=\"elementor-element elementor-element-7314b9c elementor-widget elementor-widget-image\" data-id=\"7314b9c\" data-element_type=\"widget\" data-e-type=\"widget\" data-widget_type=\"image.default\">\n\t\t\t\t<div class=\"elementor-widget-container\">\n\t\t\t\t\t\t\t\t\t\t\t\t\t\t\t<img loading=\"lazy\" decoding=\"async\" width=\"768\" height=\"1024\" src=\"https:\/\/leonie-paccard.com\/wp-content\/uploads\/2026\/03\/IMG_0654-768x1024.jpeg\" class=\"attachment-large size-large wp-image-1110\" alt=\"\" srcset=\"https:\/\/leonie-paccard.com\/wp-content\/uploads\/2026\/03\/IMG_0654-768x1024.jpeg 768w, https:\/\/leonie-paccard.com\/wp-content\/uploads\/2026\/03\/IMG_0654-225x300.jpeg 225w, https:\/\/leonie-paccard.com\/wp-content\/uploads\/2026\/03\/IMG_0654-1152x1536.jpeg 1152w, https:\/\/leonie-paccard.com\/wp-content\/uploads\/2026\/03\/IMG_0654-9x12.jpeg 9w, https:\/\/leonie-paccard.com\/wp-content\/uploads\/2026\/03\/IMG_0654.jpeg 1536w\" sizes=\"(max-width: 768px) 100vw, 768px\" \/>\t\t\t\t\t\t\t\t\t\t\t\t\t\t\t<\/div>\n\t\t\t\t<\/div>\n\t\t\t\t<div class=\"elementor-element elementor-element-ab692f4 project-hover elementor-widget elementor-widget-html\" data-id=\"ab692f4\" data-element_type=\"widget\" data-e-type=\"widget\" data-widget_type=\"html.default\">\n\t\t\t\t<div class=\"elementor-widget-container\">\n\t\t\t\t\t<a href=\"\/en\/experimentations\/\"  class=\"project-text\">\n    \n    <div>\n        \n    <p class=\"title\">Cadrage depuis la cuisine Pr\u00e9paration des ossatures bois pour accueillir fermacell + faience<\/p>\n    <p class=\"desc\">\n        \n    <\/p>\n    <\/p>\n    \n    <\/div>\n    \n<\/a>\n\t\t\t\t<\/div>\n\t\t\t\t<\/div>\n\t\t\t\t<\/div>\n\t\t<div class=\"elementor-element elementor-element-89a9a51 e-con-full project-column e-flex e-con e-child\" data-id=\"89a9a51\" data-element_type=\"container\" data-e-type=\"container\">\n\t\t\t\t<div class=\"elementor-element elementor-element-28c35d6 elementor-widget elementor-widget-image\" data-id=\"28c35d6\" data-element_type=\"widget\" data-e-type=\"widget\" data-widget_type=\"image.default\">\n\t\t\t\t<div class=\"elementor-widget-container\">\n\t\t\t\t\t\t\t\t\t\t\t\t\t\t\t<img loading=\"lazy\" decoding=\"async\" width=\"683\" height=\"1024\" src=\"https:\/\/leonie-paccard.com\/wp-content\/uploads\/2026\/03\/IMG_14750-683x1024.png\" class=\"attachment-large size-large wp-image-1107\" alt=\"\" srcset=\"https:\/\/leonie-paccard.com\/wp-content\/uploads\/2026\/03\/IMG_14750-683x1024.png 683w, https:\/\/leonie-paccard.com\/wp-content\/uploads\/2026\/03\/IMG_14750-200x300.png 200w, https:\/\/leonie-paccard.com\/wp-content\/uploads\/2026\/03\/IMG_14750-768x1152.png 768w, https:\/\/leonie-paccard.com\/wp-content\/uploads\/2026\/03\/IMG_14750-8x12.png 8w, https:\/\/leonie-paccard.com\/wp-content\/uploads\/2026\/03\/IMG_14750.png 1024w\" sizes=\"(max-width: 683px) 100vw, 683px\" \/>\t\t\t\t\t\t\t\t\t\t\t\t\t\t\t<\/div>\n\t\t\t\t<\/div>\n\t\t\t\t<div class=\"elementor-element elementor-element-df27d17 project-hover elementor-widget elementor-widget-html\" data-id=\"df27d17\" data-element_type=\"widget\" data-e-type=\"widget\" data-widget_type=\"html.default\">\n\t\t\t\t<div class=\"elementor-widget-container\">\n\t\t\t\t\t<a href=\"\/en\/experimentations\/\"  class=\"project-text\">\n    \n    <div>\n        \n    <p class=\"title\">S'inspirer des oeillets existants et recr\u00e9er une ouverture central\u00e9 vout\u00e9e en brique <\/p>\n    <p class=\"desc\">\n        \n    <\/p>\n    <\/p>\n    \n    <\/div>\n    \n<\/a>\n\t\t\t\t<\/div>\n\t\t\t\t<\/div>\n\t\t\t\t<\/div>\n\t\t<div class=\"elementor-element elementor-element-c341ed1 e-con-full project-column e-flex e-con e-child\" data-id=\"c341ed1\" data-element_type=\"container\" data-e-type=\"container\">\n\t\t\t\t<div class=\"elementor-element elementor-element-d1e19a3 elementor-widget elementor-widget-image\" data-id=\"d1e19a3\" data-element_type=\"widget\" data-e-type=\"widget\" data-widget_type=\"image.default\">\n\t\t\t\t<div class=\"elementor-widget-container\">\n\t\t\t\t\t\t\t\t\t\t\t\t\t\t\t<img loading=\"lazy\" decoding=\"async\" width=\"683\" height=\"1024\" src=\"https:\/\/leonie-paccard.com\/wp-content\/uploads\/2026\/03\/ChatGPT-Image-19-fevr.-2026-15_11_11-683x1024.png\" class=\"attachment-large size-large wp-image-1105\" alt=\"\" srcset=\"https:\/\/leonie-paccard.com\/wp-content\/uploads\/2026\/03\/ChatGPT-Image-19-fevr.-2026-15_11_11-683x1024.png 683w, https:\/\/leonie-paccard.com\/wp-content\/uploads\/2026\/03\/ChatGPT-Image-19-fevr.-2026-15_11_11-200x300.png 200w, https:\/\/leonie-paccard.com\/wp-content\/uploads\/2026\/03\/ChatGPT-Image-19-fevr.-2026-15_11_11-768x1152.png 768w, https:\/\/leonie-paccard.com\/wp-content\/uploads\/2026\/03\/ChatGPT-Image-19-fevr.-2026-15_11_11-8x12.png 8w, https:\/\/leonie-paccard.com\/wp-content\/uploads\/2026\/03\/ChatGPT-Image-19-fevr.-2026-15_11_11.png 1024w\" sizes=\"(max-width: 683px) 100vw, 683px\" \/>\t\t\t\t\t\t\t\t\t\t\t\t\t\t\t<\/div>\n\t\t\t\t<\/div>\n\t\t\t\t<div class=\"elementor-element elementor-element-5fba919 project-hover elementor-widget elementor-widget-html\" data-id=\"5fba919\" data-element_type=\"widget\" data-e-type=\"widget\" data-widget_type=\"html.default\">\n\t\t\t\t<div class=\"elementor-widget-container\">\n\t\t\t\t\t<a href=\"\/en\/experimentations\/\"  class=\"project-text\">\n    \n    <div>\n        \n    <p class=\"title\">Oeil de boeuf et ouverture ceintr\u00e9e sur la vue et la future terrasse<\/p>\n    <p class=\"desc\">\n        \n    <\/p>\n    <\/p>\n    \n    <\/div>\n    \n<\/a>\n\t\t\t\t<\/div>\n\t\t\t\t<\/div>\n\t\t\t\t<\/div>\n\t\t<div class=\"elementor-element elementor-element-c679df9 e-con-full project-column e-flex e-con e-child\" data-id=\"c679df9\" data-element_type=\"container\" data-e-type=\"container\">\n\t\t\t\t<div class=\"elementor-element elementor-element-f68fff5 elementor-widget elementor-widget-image\" data-id=\"f68fff5\" data-element_type=\"widget\" data-e-type=\"widget\" data-widget_type=\"image.default\">\n\t\t\t\t<div class=\"elementor-widget-container\">\n\t\t\t\t\t\t\t\t\t\t\t\t\t\t\t<img loading=\"lazy\" decoding=\"async\" width=\"768\" height=\"1024\" src=\"https:\/\/leonie-paccard.com\/wp-content\/uploads\/2026\/03\/IMG_3055-768x1024.jpeg\" class=\"attachment-large size-large wp-image-1111\" alt=\"\" srcset=\"https:\/\/leonie-paccard.com\/wp-content\/uploads\/2026\/03\/IMG_3055-768x1024.jpeg 768w, https:\/\/leonie-paccard.com\/wp-content\/uploads\/2026\/03\/IMG_3055-225x300.jpeg 225w, https:\/\/leonie-paccard.com\/wp-content\/uploads\/2026\/03\/IMG_3055-1152x1536.jpeg 1152w, https:\/\/leonie-paccard.com\/wp-content\/uploads\/2026\/03\/IMG_3055-9x12.jpeg 9w, https:\/\/leonie-paccard.com\/wp-content\/uploads\/2026\/03\/IMG_3055.jpeg 1536w\" sizes=\"(max-width: 768px) 100vw, 768px\" \/>\t\t\t\t\t\t\t\t\t\t\t\t\t\t\t<\/div>\n\t\t\t\t<\/div>\n\t\t\t\t<div class=\"elementor-element elementor-element-d9cd5e9 project-hover elementor-widget elementor-widget-html\" data-id=\"d9cd5e9\" data-element_type=\"widget\" data-e-type=\"widget\" data-widget_type=\"html.default\">\n\t\t\t\t<div class=\"elementor-widget-container\">\n\t\t\t\t\t<a href=\"\/en\/experimentations\/\"  class=\"project-text\">\n    \n    <div>\n        \n    <p class=\"title\">Panorama<\/p>\n    <p class=\"desc\">\n        \n    <\/p>\n    <\/p>\n    \n    <\/div>\n    \n<\/a>\n\t\t\t\t<\/div>\n\t\t\t\t<\/div>\n\t\t\t\t<\/div>\n\t\t<div class=\"elementor-element elementor-element-d33f7e9 e-con-full project-column e-flex e-con e-child\" data-id=\"d33f7e9\" data-element_type=\"container\" data-e-type=\"container\">\n\t\t\t\t<div class=\"elementor-element elementor-element-fad477d elementor-widget elementor-widget-image\" data-id=\"fad477d\" data-element_type=\"widget\" data-e-type=\"widget\" data-widget_type=\"image.default\">\n\t\t\t\t<div class=\"elementor-widget-container\">\n\t\t\t\t\t\t\t\t\t\t\t\t\t\t\t<img loading=\"lazy\" decoding=\"async\" width=\"768\" height=\"1024\" src=\"https:\/\/leonie-paccard.com\/wp-content\/uploads\/2026\/03\/IMG_0292-768x1024.jpeg\" class=\"attachment-large size-large wp-image-1132\" alt=\"\" srcset=\"https:\/\/leonie-paccard.com\/wp-content\/uploads\/2026\/03\/IMG_0292-768x1024.jpeg 768w, https:\/\/leonie-paccard.com\/wp-content\/uploads\/2026\/03\/IMG_0292-225x300.jpeg 225w, https:\/\/leonie-paccard.com\/wp-content\/uploads\/2026\/03\/IMG_0292-1152x1536.jpeg 1152w, https:\/\/leonie-paccard.com\/wp-content\/uploads\/2026\/03\/IMG_0292-9x12.jpeg 9w, https:\/\/leonie-paccard.com\/wp-content\/uploads\/2026\/03\/IMG_0292.jpeg 1536w\" sizes=\"(max-width: 768px) 100vw, 768px\" \/>\t\t\t\t\t\t\t\t\t\t\t\t\t\t\t<\/div>\n\t\t\t\t<\/div>\n\t\t\t\t<div class=\"elementor-element elementor-element-704be52 project-hover elementor-widget elementor-widget-html\" data-id=\"704be52\" data-element_type=\"widget\" data-e-type=\"widget\" data-widget_type=\"html.default\">\n\t\t\t\t<div class=\"elementor-widget-container\">\n\t\t\t\t\t<a href=\"\/en\/experimentations\/\"  class=\"project-text\">\n    \n    <div>\n        \n    <p class=\"title\">Travertin + carrelage <\/p>\n    <p class=\"desc\">\n        \n    <\/p>\n    <\/p>\n    \n    <\/div>\n    \n<\/a>\n\t\t\t\t<\/div>\n\t\t\t\t<\/div>\n\t\t\t\t<\/div>\n\t\t\t\t<\/div>\n\t\t\t\t\t<\/div>\n\t\t\t\t<\/div>\n\t\t\t\t<\/div>","protected":false},"excerpt":{"rendered":"<p>Jardins \u00e9co-spirituels du ch\u00e2telard Le paysage au service de la m\u00e9ditation, l&rsquo;introspection et la biodiversit\u00e9 Conception de 9 jardins th\u00e9matiques \u00e0 Francheville (69) Une reconnexion \u00e0 la nature L&rsquo;\u00e9co-centre J\u00e9suite du Ch\u00e2telard souhaite accompagner ses activit\u00e9s de retraites spirituelles par la r\u00e9alisation de plusieurs jardins th\u00e9matiques destin\u00e9s \u00e0 inviter les retraitants \u00e0 la m\u00e9diation, la&hellip;&nbsp;<a href=\"https:\/\/leonie-paccard.com\/en\/jardins-eco-spirituels-du-chatelard\/\" rel=\"bookmark\">Read More &raquo;<span class=\"screen-reader-text\">Jardins \u00e9co-spirituels du ch\u00e2telard<\/span><\/a><\/p>","protected":false},"author":3,"featured_media":0,"parent":0,"menu_order":0,"comment_status":"closed","ping_status":"closed","template":"page-templates\/template-pagebuilder-full-width.php","meta":{"neve_meta_sidebar":"","neve_meta_container":"","neve_meta_enable_content_width":"","neve_meta_content_width":0,"neve_meta_title_alignment":"","neve_meta_author_avatar":"","neve_post_elements_order":"","neve_meta_disable_header":"","neve_meta_disable_footer":"","neve_meta_disable_title":"","footnotes":""},"class_list":["post-1514","page","type-page","status-publish","hentry"],"_links":{"self":[{"href":"https:\/\/leonie-paccard.com\/en\/wp-json\/wp\/v2\/pages\/1514","targetHints":{"allow":["GET"]}}],"collection":[{"href":"https:\/\/leonie-paccard.com\/en\/wp-json\/wp\/v2\/pages"}],"about":[{"href":"https:\/\/leonie-paccard.com\/en\/wp-json\/wp\/v2\/types\/page"}],"author":[{"embeddable":true,"href":"https:\/\/leonie-paccard.com\/en\/wp-json\/wp\/v2\/users\/3"}],"replies":[{"embeddable":true,"href":"https:\/\/leonie-paccard.com\/en\/wp-json\/wp\/v2\/comments?post=1514"}],"version-history":[{"count":24,"href":"https:\/\/leonie-paccard.com\/en\/wp-json\/wp\/v2\/pages\/1514\/revisions"}],"predecessor-version":[{"id":1539,"href":"https:\/\/leonie-paccard.com\/en\/wp-json\/wp\/v2\/pages\/1514\/revisions\/1539"}],"wp:attachment":[{"href":"https:\/\/leonie-paccard.com\/en\/wp-json\/wp\/v2\/media?parent=1514"}],"curies":[{"name":"wp","href":"https:\/\/api.w.org\/{rel}","templated":true}]}}